{"id":95,"date":"2018-07-14T10:41:36","date_gmt":"2018-07-14T10:41:36","guid":{"rendered":"http:\/\/nassim.peida.de\/?page_id=95"},"modified":"2018-09-05T13:16:53","modified_gmt":"2018-09-05T13:16:53","slug":"impressum","status":"publish","type":"page","link":"https:\/\/nassim-aslani-art.com\/?page_id=95","title":{"rendered":"Imprint"},"content":{"rendered":"<p>imprint<\/p>\n<p>According to \u00a7 5 TMG<\/p>\n<p>Nassim Aslani<\/p>\n<p>Represented by:<br \/>\nNassim Aslani<\/p>\n<p>Contact:<br \/>\nE-mail: aslaninassim@gmail.com<\/p>\n<p>Responsible for the content according to \u00a7 55 Abs. 2 RStV:<br \/>\nNassim Aslani<\/p>\n<p>Disclaimer:<\/p>\n<p>Liability for content<\/p>\n<p>The contents of our pages were created with great care. However, we can not assume any liability for the accuracy, completeness and timeliness of the content. As a service provider we are responsible according to \u00a7 7 Abs.1 TMG for own contents on these sides according to the general laws. According to \u00a7\u00a7 8 to 10 TMG, however, we as a service provider are not obliged to monitor transmitted or stored external information or to investigate circumstances that indicate illegal activity. Obligations to remove or block the use of information under general law remain unaffected. A liability in this regard, however, is only possible from the date of knowledge of a specific infringement. Upon notification of appropriate violations, we will remove this content immediately.<\/p>\n<p>Liability for links<\/p>\n<p>Our offer contains links to external websites of third parties on whose contents we have no influence. Therefore, we can not assume any liability for these external contents. The respective provider or operator of the pages is always responsible for the contents of the linked pages. The linked pages were checked for possible legal violations at the time of linking. Illegal content was not recognizable at the time of linking. However, a permanent content control of the linked pages is not reasonable without concrete evidence of an infringement. Upon notification of violations, we will remove such links immediately.<\/p>\n<p>copyright<\/p>\n<p>The content and works on these pages created by the site operators are subject to German copyright law. The reproduction, processing, distribution and any kind of exploitation outside the limits of copyright require the written consent of the respective author or creator. Downloads and copies of this site are for private, non-commercial use only. As far as the contents on this side were not created by the operator, the copyrights of third parties are considered. In particular contents of third parties are marked as such. If you should still be aware of a copyright infringement, we ask for a note. Upon notification of violations, we will remove such content immediately.<\/p>\n<p>data protection<\/p>\n<p>The use of our website is usually possible without providing personal information. As far as on our sides personal data (for example name, address or eMail addresses) are raised, this takes place, as far as possible, always on freiwilliger basis. These data will not be disclosed to third parties without your explicit consent.<br \/>\nPlease note that data transmission over the Internet (for example, when communicating via e-mail) may have security vulnerabilities. A complete protection of the data from access by third parties is not possible.<br \/>\nThe use of contact data published in the context of the imprint obligation by third parties for sending unsolicited advertising and information materials is hereby expressly excluded. The operators of the pages expressly reserve the right to take legal action in the event of the unsolicited sending of advertising information, such as spam e-mai<\/p>\n<p>&nbsp;<\/p>\n<p>Impressum<\/p>\n<p>Angaben gem\u00e4\u00df \u00a7 5 TMG<\/p>\n<p>Nassim Aslani<\/p>\n<p><strong>Vertreten durch:\u00a0<\/strong><br \/>\nNassim Aslani<\/p>\n<p><strong>Kontakt:<\/strong><br \/>\nE-Mail:\u00a0<a href=\"mailto:aslaninassim@gmail.com\">aslaninassim@gmail.com<\/a><\/p>\n<p><strong>Verantwortlich f\u00fcr den Inhalt nach \u00a7 55 Abs. 2 RStV:<\/strong><br \/>\nNassim Aslani<\/p>\n<p><strong>Haftungsausschluss:\u00a0<\/strong><\/p>\n<p><strong>Haftung f\u00fcr Inhalte<\/strong><\/p>\n<p>Die Inhalte unserer Seiten wurden mit gr\u00f6\u00dfter Sorgfalt erstellt. F\u00fcr die Richtigkeit, Vollst\u00e4ndigkeit und Aktualit\u00e4t der Inhalte k\u00f6nnen wir jedoch keine Gew\u00e4hr \u00fcbernehmen. Als Diensteanbieter sind wir gem\u00e4\u00df \u00a7 7 Abs.1 TMG f\u00fcr eigene Inhalte auf diesen Seiten nach den allgemeinen Gesetzen verantwortlich. Nach \u00a7\u00a7 8 bis 10 TMG sind wir als Diensteanbieter jedoch nicht verpflichtet, \u00fcbermittelte oder gespeicherte fremde Informationen zu \u00fcberwachen oder nach Umst\u00e4nden zu forschen, die auf eine rechtswidrige T\u00e4tigkeit hinweisen. Verpflichtungen zur Entfernung oder Sperrung der Nutzung von Informationen nach den allgemeinen Gesetzen bleiben hiervon unber\u00fchrt. Eine diesbez\u00fcgliche Haftung ist jedoch erst ab dem Zeitpunkt der Kenntnis einer konkreten Rechtsverletzung m\u00f6glich. Bei Bekanntwerden von entsprechenden Rechtsverletzungen werden wir diese Inhalte umgehend entfernen.<\/p>\n<p><strong>Haftung f\u00fcr Links<\/strong><\/p>\n<p>Unser Angebot enth\u00e4lt Links zu externen Webseiten Dritter, auf deren Inhalte wir keinen Einfluss haben. Deshalb k\u00f6nnen wir f\u00fcr diese fremden Inhalte auch keine Gew\u00e4hr \u00fcbernehmen. F\u00fcr die Inhalte der verlinkten Seiten ist stets der jeweilige Anbieter oder Betreiber der Seiten verantwortlich. Die verlinkten Seiten wurden zum Zeitpunkt der Verlinkung auf m\u00f6gliche Rechtsverst\u00f6\u00dfe \u00fcberpr\u00fcft. Rechtswidrige Inhalte waren zum Zeitpunkt der Verlinkung nicht erkennbar. Eine permanente inhaltliche Kontrolle der verlinkten Seiten ist jedoch ohne konkrete Anhaltspunkte einer Rechtsverletzung nicht zumutbar. Bei Bekanntwerden von Rechtsverletzungen werden wir derartige Links umgehend entfernen.<\/p>\n<p><strong>Urheberrecht<\/strong><\/p>\n<p>Die durch die Seitenbetreiber erstellten Inhalte und Werke auf diesen Seiten unterliegen dem deutschen Urheberrecht. Die Vervielf\u00e4ltigung, Bearbeitung, Verbreitung und jede Art der Verwertung au\u00dferhalb der Grenzen des Urheberrechtes bed\u00fcrfen der schriftlichen Zustimmung des jeweiligen Autors bzw. Erstellers. Downloads und Kopien dieser Seite sind nur f\u00fcr den privaten, nicht kommerziellen Gebrauch gestattet. Soweit die Inhalte auf dieser Seite nicht vom Betreiber erstellt wurden, werden die Urheberrechte Dritter beachtet. Insbesondere werden Inhalte Dritter als solche gekennzeichnet. Sollten Sie trotzdem auf eine Urheberrechtsverletzung aufmerksam werden, bitten wir um einen entsprechenden Hinweis. Bei Bekanntwerden von Rechtsverletzungen werden wir derartige Inhalte umgehend entfernen.<\/p>\n<p><strong>Datenschutz<\/strong><\/p>\n<p>Die Nutzung unserer Webseite ist in der Regel ohne Angabe personenbezogener Daten m\u00f6glich. Soweit auf unseren Seiten personenbezogene Daten (beispielsweise Name, Anschrift oder eMail-Adressen) erhoben werden, erfolgt dies, soweit m\u00f6glich, stets auf freiwilliger Basis. Diese Daten werden ohne Ihre ausdr\u00fcckliche Zustimmung nicht an Dritte weitergegeben.<br \/>\nWir weisen darauf hin, dass die Daten\u00fcbertragung im Internet (z.B. bei der Kommunikation per E-Mail) Sicherheitsl\u00fccken aufweisen kann. Ein l\u00fcckenloser Schutz der Daten vor dem Zugriff durch Dritte ist nicht m\u00f6glich.<br \/>\nDer Nutzung von im Rahmen der Impressumspflicht ver\u00f6ffentlichten Kontaktdaten durch Dritte zur \u00dcbersendung von nicht ausdr\u00fccklich angeforderter Werbung und Informationsmaterialien wird hiermit ausdr\u00fccklich widersprochen. Die Betreiber der Seiten behalten sich ausdr\u00fccklich rechtliche Schritte im Falle der unverlangten Zusendung von Werbeinformationen, etwa durch Spam-Mails, vor.<\/p>\n","protected":false},"excerpt":{"rendered":"<p>imprint According to \u00a7 5 TMG Nassim Aslani Represented by: Nassim Aslani Contact: E-mail: aslaninassim@gmail.com Responsible for the content according to \u00a7 55 Abs. 2 RStV: Nassim Aslani Disclaimer: Liability for content The contents of our pages were created with great care. However, we can not assume any liability for the accuracy, completeness and timeliness&hellip; <a class=\"more-link\" href=\"https:\/\/nassim-aslani-art.com\/?page_id=95\"><span class=\"screen-reader-text\">Imprint<\/span> weiterlesen<\/a><\/p>\n","protected":false},"author":1,"featured_media":0,"parent":0,"menu_order":0,"comment_status":"closed","ping_status":"closed","template":"","meta":[],"_links":{"self":[{"href":"https:\/\/nassim-aslani-art.com\/index.php?rest_route=\/wp\/v2\/pages\/95"}],"collection":[{"href":"https:\/\/nassim-aslani-art.com\/index.php?rest_route=\/wp\/v2\/pages"}],"about":[{"href":"https:\/\/nassim-aslani-art.com\/index.php?rest_route=\/wp\/v2\/types\/page"}],"author":[{"embeddable":true,"href":"https:\/\/nassim-aslani-art.com\/index.php?rest_route=\/wp\/v2\/users\/1"}],"replies":[{"embeddable":true,"href":"https:\/\/nassim-aslani-art.com\/index.php?rest_route=%2Fwp%2Fv2%2Fcomments&post=95"}],"version-history":[{"count":8,"href":"https:\/\/nassim-aslani-art.com\/index.php?rest_route=\/wp\/v2\/pages\/95\/revisions"}],"predecessor-version":[{"id":375,"href":"https:\/\/nassim-aslani-art.com\/index.php?rest_route=\/wp\/v2\/pages\/95\/revisions\/375"}],"wp:attachment":[{"href":"https:\/\/nassim-aslani-art.com\/index.php?rest_route=%2Fwp%2Fv2%2Fmedia&parent=95"}],"curies":[{"name":"wp","href":"https:\/\/api.w.org\/{rel}","templated":true}]}}